{"id":1826,"date":"2021-06-07T08:10:35","date_gmt":"2021-06-07T08:10:35","guid":{"rendered":"https:\/\/gerryfrank.gfrank2.vss.kapper.net\/?page_id=1826"},"modified":"2024-10-20T18:23:24","modified_gmt":"2024-10-20T16:23:24","slug":"photographer-2","status":"publish","type":"page","link":"https:\/\/gerryfrank.gfrank2.vss.kapper.net\/","title":{"rendered":"Gerry Frank Photography"},"content":{"rendered":"\t\t<div data-elementor-type=\"wp-page\" data-elementor-id=\"1826\" class=\"elementor elementor-1826\" data-elementor-post-type=\"page\">\n\t\t\t\t\t\t<section class=\"elementor-section elementor-top-section elementor-element elementor-element-f9295f2 elementor-section-full_width elementor-section-height-default elementor-section-height-default\" data-id=\"f9295f2\" data-element_type=\"section\">\n\t\t\t\t\t\t<div class=\"elementor-container elementor-column-gap-no\">\n\t\t\t\t\t<div class=\"elementor-column elementor-col-100 elementor-top-column elementor-element elementor-element-d699600\" data-id=\"d699600\" data-element_type=\"column\">\n\t\t\t<div class=\"elementor-widget-wrap elementor-element-populated\">\n\t\t\t\t\t\t<div class=\"elementor-element elementor-element-2170aa1 elementor-widget elementor-widget-yprm_banner\" data-id=\"2170aa1\" data-element_type=\"widget\" data-widget_type=\"yprm_banner.default\">\n\t\t\t\t<div class=\"elementor-widget-container\">\n\t\t\t\t\t\t<div class=\"banner-wrapper banner-area banner-69fb248a5916d\" style=\"--transition-speed: 2300ms;\" data-settings=\"{&quot;loop&quot;:true,&quot;speed&quot;:300,&quot;autoplay&quot;:{&quot;delay&quot;:5000,&quot;disableOnInteraction&quot;:false,&quot;pauseOnMouseEnter&quot;:true},&quot;arrows&quot;:true,&quot;dots&quot;:false,&quot;dots_position&quot;:null,&quot;animation&quot;:&quot;&quot;}\">\r\n\t\t\t\t\t\t\t\t\t\t\t\t\t\t\t<div class=\"banner-about content\">\r\n\t\t\t\t<div class=\"row\">\r\n\t\t\t\t\t\t\t\t\t\t\t\t<div class=\"image col-12 col-md-6\" style=\"background-image: url(https:\/\/gerryfrank.gfrank2.vss.kapper.net\/wp-content\/uploads\/2024\/10\/HL_Gerry_Portraits_0281_M.webp);\"><\/div>\r\n        <div class=\"text col-12 col-md-6\">\r\n\t\t\t\t\t\t\t<div class=\"wrap\">\r\n\t\t\t\t\t<div class=\"cell\">\r\n\t\t\t\t\t\t\t\t\t\t\t\t\t<div class=\"image\" style=\"background-image: url(https:\/\/gerryfrank.gfrank2.vss.kapper.net\/wp-content\/uploads\/2024\/10\/HL_Gerry_Portraits_0281_M.webp);\"><\/div>\r\n\t\t\t\t\t\t\t\t\t\t\t\t\t\t\t<div class=\"sub-h\">Der Geschichtenerz\u00e4hler hinter der Kamera<\/div>\r\n\t\t\t\t\t\t\t\t\t\t\t<div class=\"heading-decor\"><h3>GERRY FRANK<\/h3><\/div>\r\n\t\t\t\t\t\t\t\t\t\t\t<div class=\"text-p\">Gerry Frank f\u00e4ngt seit \u00fcber 25 Jahren Menschen und Geschichten in einzigartigen Bildern ein. Mit einem ausgepr\u00e4gten Sinn f\u00fcr \u00c4sthetik, Licht und einer Leidenschaft f\u00fcr Schwarz-Wei\u00df-Fotografie verleiht er Details eine besondere Bedeutung und schafft tiefgr\u00fcndige, erz\u00e4hlerische Werke. Er nutzt Licht, um Emotionen zu betonen und setzt Farbe nur gezielt ein, um spezielle Stimmungen zu unterstreichen.<br \/>\nProminente wie Elisabetta Canalis, Tamara Ecclestone, Letoya Luckett, Melanie Scheriau, Fernanda Brandao, Detlef Soost, Mischa Barton, Lilly Becker, Lena Gercke und Eva Padberg vertrauten ihm schon, sie ins richtige Licht zu setzen. Gerry ist au\u00dferdem stolzer EIZO ColorEdge Ambassador. Er lebt seine Kunst mit Humor und Bodenst\u00e4ndigkeit \u2013 immer auf der Suche nach dem besonderen Moment, der bleibt.<br \/>\n<\/div>\r\n\t\t\t\t\t\t\t\t\t\t\t\t\t<\/div>\r\n\t\t\t\t<\/div>\r\n\t\t\t\t\t\t\t<div class=\"bg-word\">\r\n\t\t\t\t\t\t\t\t\tABOUT\t\t\t\t\t\t\t<\/div>\r\n\t\t\t\t\t<\/div>\r\n\t\t\t\t\t\t<\/div>\r\n\t\t\t<\/div>\r\n\t\t\t\t\t\t\t\t\t<div class=\"banner-right-buttons widget-elementor\">\r\n\t\t\t\t<div class=\"cell\">\r\n\t\t\t\t\t\r\n\t\t\t\t\t              <div class=\"button about\">\r\n                <span class=\"h\">ABOUT<\/span>\r\n                <span class=\"close\"><i class=\"basic-ui-icon-cancel\"><\/i>\r\n                                      Close                  \t\t\t\t\t\t\t\t<\/span>\r\n\t\t\t\t\t\t\t<\/div>\r\n\t\t\t\t\t\t          \t\t\t\t<\/div>\r\n\t\t\t<\/div>\r\n\t\t\r\n\t\t\t\t<div class=\"banner banner-items banner-69fb248a5917b arrows-bottom\" id=\"banner-69fb248a5917c\">\r\n          <div class=\"swiper-container\">\r\n            <div class=\"swiper-wrapper\">\r\n                    <div class=\"item swiper-slide item-banner banner-item-69fb248a5a096 elementor-repeater-item-d2c4f4b tal inherit\">\r\n        <div class=\"bg-image\" style=\"background-image: url(https:\/\/gerryfrank.gfrank2.vss.kapper.net\/wp-content\/uploads\/2024\/10\/JuliaFurdea_200916_3145-Bearbeitet-Bearbeitet.webp)\"><\/div>\r\n                  \n    <div class=\"bg-overlay\">\n          <\/div>\n\n                            <div class=\"container\">\r\n          <div class=\"cell bottom\">\r\n\t\t\t\t\t\t\t\t\t\t\t\t\t<div class=\"heading\">\r\n\t\t\t\t\t\t\t\t\t\t\t\t\t\t\t\t<h3 class=\"h\">\r\n\t\t\t\t\t\t\t\t\t\t\t\t\t\t\t\t\t<\/h3>\r\n\t\t\t\t\t\t\t<\/div>\r\n\t\t\t\t\t\t\t\t\t\t\t\t\t\t\t\t\t    \t\t\t\t\t\t\t\t\t\t\t<\/div>\r\n\t\t\t\t<\/div>\r\n\t\t\t<\/div>\r\n\t\t            <\/div>\r\n          <\/div>\r\n          \r\n          <div class=\"owl-nav\"><div class=\"owl-prev basic-ui-icon-left-arrow\"><\/div><div class=\"owl-next basic-ui-icon-right-arrow\"><\/div><\/div>\r\n                    \r\n\t\t\t\t<\/div>\r\n\r\n\t\t\t<\/div>\r\n\t\t\t\t<\/div>\n\t\t\t\t<\/div>\n\t\t\t\t\t<\/div>\n\t\t<\/div>\n\t\t\t\t\t<\/div>\n\t\t<\/section>\n\t\t\t\t<\/div>\n\t\t","protected":false},"excerpt":{"rendered":"<p>Der Geschichtenerz\u00e4hler hinter der Kamera GERRY FRANK Gerry Frank f\u00e4ngt seit \u00fcber 25 Jahren Menschen und Geschichten in einzigartigen Bildern ein. Mit einem ausgepr\u00e4gten Sinn f\u00fcr \u00c4sthetik, Licht und einer Leidenschaft f\u00fcr Schwarz-Wei\u00df-Fotografie verleiht er Details eine besondere Bedeutung und schafft tiefgr\u00fcndige, erz\u00e4hlerische Werke. Er nutzt Licht, um Emotionen zu betonen und setzt Farbe nur [&hellip;]<\/p>\n","protected":false},"author":3,"featured_media":0,"parent":0,"menu_order":0,"comment_status":"closed","ping_status":"closed","template":"template-landing.php","meta":{"_acf_changed":false,"footnotes":""},"class_list":["post-1826","page","type-page","status-publish","hentry"],"acf":[],"_links":{"self":[{"href":"https:\/\/gerryfrank.gfrank2.vss.kapper.net\/index.php?rest_route=\/wp\/v2\/pages\/1826","targetHints":{"allow":["GET"]}}],"collection":[{"href":"https:\/\/gerryfrank.gfrank2.vss.kapper.net\/index.php?rest_route=\/wp\/v2\/pages"}],"about":[{"href":"https:\/\/gerryfrank.gfrank2.vss.kapper.net\/index.php?rest_route=\/wp\/v2\/types\/page"}],"author":[{"embeddable":true,"href":"https:\/\/gerryfrank.gfrank2.vss.kapper.net\/index.php?rest_route=\/wp\/v2\/users\/3"}],"replies":[{"embeddable":true,"href":"https:\/\/gerryfrank.gfrank2.vss.kapper.net\/index.php?rest_route=%2Fwp%2Fv2%2Fcomments&post=1826"}],"version-history":[{"count":35,"href":"https:\/\/gerryfrank.gfrank2.vss.kapper.net\/index.php?rest_route=\/wp\/v2\/pages\/1826\/revisions"}],"predecessor-version":[{"id":3514,"href":"https:\/\/gerryfrank.gfrank2.vss.kapper.net\/index.php?rest_route=\/wp\/v2\/pages\/1826\/revisions\/3514"}],"wp:attachment":[{"href":"https:\/\/gerryfrank.gfrank2.vss.kapper.net\/index.php?rest_route=%2Fwp%2Fv2%2Fmedia&parent=1826"}],"curies":[{"name":"wp","href":"https:\/\/api.w.org\/{rel}","templated":true}]}}